{"id":178,"date":"2018-01-15T11:27:06","date_gmt":"2018-01-15T10:27:06","guid":{"rendered":"https:\/\/www.cresricards.com\/produit\/stecia-terrasses-larzac\/"},"modified":"2023-02-11T18:30:36","modified_gmt":"2023-02-11T17:30:36","slug":"stecia-terrasses-larzac","status":"publish","type":"product","link":"https:\/\/www.cresricards.com\/en\/the-wines\/stecia-terrasses-larzac\/","title":{"rendered":"Cr\u00e8s Ricards &#8211; St\u00e9cia"},"content":{"rendered":"<h4 class=\"p2\">The vineyard<\/h4>\n<ul>\n<li class=\"p2\">Soil type: Limestone and clay pebbly terraces<\/li>\n<li class=\"p2\"><strong>Plot selection of :<\/strong><\/li>\n<li class=\"p3\"><strong>Syrah :<\/strong>\u00a025 to 30 year-old vines producing 42 hl\/ha<\/li>\n<li class=\"p3\"><strong>Grenache :<\/strong>\u00a044 year-old vines producing 37 hl\/ha<\/li>\n<li class=\"p2\"><strong>Carignan :<\/strong>\u00a051 year-old vines producing 42 hl\/ha<\/li>\n<li class=\"p2\"><strong>Pruning :<\/strong> Cordon de Royat<\/li>\n<li class=\"p2\"><strong>Harvest :<\/strong> Hand harvesting<\/li>\n<li class=\"p2\"><strong>Density of planting :<\/strong> 4400-5000<\/li>\n<li class=\"p2\"><strong>Elevation :<\/strong> 70-90m<\/li>\n<li class=\"p2\"><strong>Climate :<\/strong> Mediterranean<\/li>\n<\/ul>\n<h4 class=\"p2\">Wine Making<\/h4>\n<p class=\"p2\">At the reception, the grapes are sorted on a selection table. Traditional winemaking for Grenache, with daily racking or pumping overs. Maceration between 2 and 4 weeks. Carbonic maceration for Syrah and Carignan with entire bunches (15-18 days). The rest of the blend goes through normal maceration for 3 to 4 weeks.<\/p>\n<p class=\"p2\">Oak barrel ageing (45% of the wine) for 8 months. 2\/3 US and 1\/3 French oak barrels. The 55% remaining are aged in vats<\/p>\n","protected":false},"excerpt":{"rendered":"<ul>\n<li><strong>Appellation :\u00a0<\/strong>AOP Terrasses du Larzac<\/li>\n<li><strong>C\u00e9pages :\u00a0<\/strong>Syrah 60%, Grenache 25% et Carignan 15%<\/li>\n<\/ul>\n<p>&nbsp;<\/p>\n<h4 class=\"p2\">Tasting notes<\/h4>\n<p>&nbsp;<\/p>\n<ul>\n<li class=\"p2\"><strong>Colour :<\/strong> lovely red garnet<\/li>\n<li class=\"p2\"><strong>Nose :<\/strong> Explosive with smoky, balsamic and mineral (graphite) notes, and even a touch of eucalyptus.<\/li>\n<li class=\"p2\"><strong>Palate :<\/strong> This aromatic intensity is accompanied in the mouth by silky tannins and a general freshness, finishing on liquorice.<\/li>\n<li class=\"p2\"><strong>Food pairing :<\/strong> it will be a fine match for a well-seasoned lamb stew or even hot, spicy dishes.<\/li>\n<\/ul>\n","protected":false},"featured_media":171,"comment_status":"open","ping_status":"closed","template":"","meta":{"_et_pb_use_builder":"","_et_pb_old_content":"","_et_gb_content_width":""},"product_cat":[20,22],"product_tag":[],"class_list":["post-178","product","type-product","status-publish","has-post-thumbnail","hentry","product_cat-non-classe","product_cat-non-classifiee"],"yoast_head":"<!-- This site is optimized with the Yoast SEO plugin v25.6 - https:\/\/yoast.com\/wordpress\/plugins\/seo\/ -->\n<title>Cr\u00e8s Ricards - St\u00e9cia - Ch\u00e2teau des Cr\u00e8s Ricards<\/title>\n<meta name=\"robots\" content=\"index, follow, max-snippet:-1, max-image-preview:large, max-video-preview:-1\" \/>\n<link rel=\"canonical\" href=\"https:\/\/www.cresricards.com\/en\/the-wines\/stecia-terrasses-larzac\/\" \/>\n<meta property=\"og:locale\" content=\"en_US\" \/>\n<meta property=\"og:type\" content=\"article\" \/>\n<meta property=\"og:title\" content=\"Cr\u00e8s Ricards - St\u00e9cia - Ch\u00e2teau des Cr\u00e8s Ricards\" \/>\n<meta property=\"og:description\" content=\"Appellation :\u00a0AOP Terrasses du Larzac  C\u00e9pages :\u00a0Syrah 60%, Grenache 25% et Carignan 15%  &nbsp; Tasting notes &nbsp;   Colour : lovely red garnet  Nose : Explosive with smoky, balsamic and mineral (graphite) notes, and even a touch of eucalyptus.  Palate : This aromatic intensity is accompanied in the mouth by silky tannins and a general freshness, finishing on liquorice.  Food pairing : it will be a fine match for a well-seasoned lamb stew or even hot, spicy dishes.\" \/>\n<meta property=\"og:url\" content=\"https:\/\/www.cresricards.com\/en\/the-wines\/stecia-terrasses-larzac\/\" \/>\n<meta property=\"og:site_name\" content=\"Ch\u00e2teau des Cr\u00e8s Ricards\" \/>\n<meta property=\"article:modified_time\" content=\"2023-02-11T17:30:36+00:00\" \/>\n<meta property=\"og:image\" content=\"https:\/\/www.cresricards.com\/wp-content\/uploads\/2018\/01\/stecia.png\" \/>\n\t<meta property=\"og:image:width\" content=\"800\" \/>\n\t<meta property=\"og:image:height\" content=\"800\" \/>\n\t<meta property=\"og:image:type\" content=\"image\/png\" \/>\n<meta name=\"twitter:card\" content=\"summary_large_image\" \/>\n<meta name=\"twitter:label1\" content=\"Est. reading time\" \/>\n\t<meta name=\"twitter:data1\" content=\"1 minute\" \/>\n<script type=\"application\/ld+json\" class=\"yoast-schema-graph\">{\"@context\":\"https:\/\/schema.org\",\"@graph\":[{\"@type\":\"WebPage\",\"@id\":\"https:\/\/www.cresricards.com\/en\/the-wines\/stecia-terrasses-larzac\/\",\"url\":\"https:\/\/www.cresricards.com\/en\/the-wines\/stecia-terrasses-larzac\/\",\"name\":\"Cr\u00e8s Ricards - St\u00e9cia - Ch\u00e2teau des Cr\u00e8s Ricards\",\"isPartOf\":{\"@id\":\"https:\/\/www.cresricards.com\/en\/#website\"},\"primaryImageOfPage\":{\"@id\":\"https:\/\/www.cresricards.com\/en\/the-wines\/stecia-terrasses-larzac\/#primaryimage\"},\"image\":{\"@id\":\"https:\/\/www.cresricards.com\/en\/the-wines\/stecia-terrasses-larzac\/#primaryimage\"},\"thumbnailUrl\":\"https:\/\/www.cresricards.com\/wp-content\/uploads\/2018\/01\/stecia.png\",\"datePublished\":\"2018-01-15T10:27:06+00:00\",\"dateModified\":\"2023-02-11T17:30:36+00:00\",\"breadcrumb\":{\"@id\":\"https:\/\/www.cresricards.com\/en\/the-wines\/stecia-terrasses-larzac\/#breadcrumb\"},\"inLanguage\":\"en-US\",\"potentialAction\":[{\"@type\":\"ReadAction\",\"target\":[\"https:\/\/www.cresricards.com\/en\/the-wines\/stecia-terrasses-larzac\/\"]}]},{\"@type\":\"ImageObject\",\"inLanguage\":\"en-US\",\"@id\":\"https:\/\/www.cresricards.com\/en\/the-wines\/stecia-terrasses-larzac\/#primaryimage\",\"url\":\"https:\/\/www.cresricards.com\/wp-content\/uploads\/2018\/01\/stecia.png\",\"contentUrl\":\"https:\/\/www.cresricards.com\/wp-content\/uploads\/2018\/01\/stecia.png\",\"width\":800,\"height\":800,\"caption\":\"Ch\u00e2teau des Cr\u00e8s Ricards St\u00e9cia AOP Terrasse du Larzac\"},{\"@type\":\"BreadcrumbList\",\"@id\":\"https:\/\/www.cresricards.com\/en\/the-wines\/stecia-terrasses-larzac\/#breadcrumb\",\"itemListElement\":[{\"@type\":\"ListItem\",\"position\":1,\"name\":\"Accueil\",\"item\":\"https:\/\/www.cresricards.com\/en\/home\/\"},{\"@type\":\"ListItem\",\"position\":2,\"name\":\"Shop\",\"item\":\"https:\/\/www.cresricards.com\/en\/shop\/\"},{\"@type\":\"ListItem\",\"position\":3,\"name\":\"Cr\u00e8s Ricards &#8211; St\u00e9cia\"}]},{\"@type\":\"WebSite\",\"@id\":\"https:\/\/www.cresricards.com\/en\/#website\",\"url\":\"https:\/\/www.cresricards.com\/en\/\",\"name\":\"Ch\u00e2teau des Cr\u00e8s Ricards\",\"description\":\"VIN ET GRAND CRU EN APPELLATION TERRASSES DU LARZAC\",\"publisher\":{\"@id\":\"https:\/\/www.cresricards.com\/en\/#organization\"},\"potentialAction\":[{\"@type\":\"SearchAction\",\"target\":{\"@type\":\"EntryPoint\",\"urlTemplate\":\"https:\/\/www.cresricards.com\/en\/?s={search_term_string}\"},\"query-input\":{\"@type\":\"PropertyValueSpecification\",\"valueRequired\":true,\"valueName\":\"search_term_string\"}}],\"inLanguage\":\"en-US\"},{\"@type\":\"Organization\",\"@id\":\"https:\/\/www.cresricards.com\/en\/#organization\",\"name\":\"Ch\u00e2teau des Cr\u00e8s Ricards\",\"url\":\"https:\/\/www.cresricards.com\/en\/\",\"logo\":{\"@type\":\"ImageObject\",\"inLanguage\":\"en-US\",\"@id\":\"https:\/\/www.cresricards.com\/en\/#\/schema\/logo\/image\/\",\"url\":\"https:\/\/www.cresricards.com\/wp-content\/uploads\/2022\/01\/CHATEAU-CRES-RICARDS.png\",\"contentUrl\":\"https:\/\/www.cresricards.com\/wp-content\/uploads\/2022\/01\/CHATEAU-CRES-RICARDS.png\",\"width\":1674,\"height\":700,\"caption\":\"Ch\u00e2teau des Cr\u00e8s Ricards\"},\"image\":{\"@id\":\"https:\/\/www.cresricards.com\/en\/#\/schema\/logo\/image\/\"}}]}<\/script>\n<!-- \/ Yoast SEO plugin. -->","yoast_head_json":{"title":"Cr\u00e8s Ricards - St\u00e9cia - Ch\u00e2teau des Cr\u00e8s Ricards","robots":{"index":"index","follow":"follow","max-snippet":"max-snippet:-1","max-image-preview":"max-image-preview:large","max-video-preview":"max-video-preview:-1"},"canonical":"https:\/\/www.cresricards.com\/en\/the-wines\/stecia-terrasses-larzac\/","og_locale":"en_US","og_type":"article","og_title":"Cr\u00e8s Ricards - St\u00e9cia - Ch\u00e2teau des Cr\u00e8s Ricards","og_description":"Appellation :\u00a0AOP Terrasses du Larzac  C\u00e9pages :\u00a0Syrah 60%, Grenache 25% et Carignan 15%  &nbsp; Tasting notes &nbsp;   Colour : lovely red garnet  Nose : Explosive with smoky, balsamic and mineral (graphite) notes, and even a touch of eucalyptus.  Palate : This aromatic intensity is accompanied in the mouth by silky tannins and a general freshness, finishing on liquorice.  Food pairing : it will be a fine match for a well-seasoned lamb stew or even hot, spicy dishes.","og_url":"https:\/\/www.cresricards.com\/en\/the-wines\/stecia-terrasses-larzac\/","og_site_name":"Ch\u00e2teau des Cr\u00e8s Ricards","article_modified_time":"2023-02-11T17:30:36+00:00","og_image":[{"width":800,"height":800,"url":"https:\/\/www.cresricards.com\/wp-content\/uploads\/2018\/01\/stecia.png","type":"image\/png"}],"twitter_card":"summary_large_image","twitter_misc":{"Est. reading time":"1 minute"},"schema":{"@context":"https:\/\/schema.org","@graph":[{"@type":"WebPage","@id":"https:\/\/www.cresricards.com\/en\/the-wines\/stecia-terrasses-larzac\/","url":"https:\/\/www.cresricards.com\/en\/the-wines\/stecia-terrasses-larzac\/","name":"Cr\u00e8s Ricards - St\u00e9cia - Ch\u00e2teau des Cr\u00e8s Ricards","isPartOf":{"@id":"https:\/\/www.cresricards.com\/en\/#website"},"primaryImageOfPage":{"@id":"https:\/\/www.cresricards.com\/en\/the-wines\/stecia-terrasses-larzac\/#primaryimage"},"image":{"@id":"https:\/\/www.cresricards.com\/en\/the-wines\/stecia-terrasses-larzac\/#primaryimage"},"thumbnailUrl":"https:\/\/www.cresricards.com\/wp-content\/uploads\/2018\/01\/stecia.png","datePublished":"2018-01-15T10:27:06+00:00","dateModified":"2023-02-11T17:30:36+00:00","breadcrumb":{"@id":"https:\/\/www.cresricards.com\/en\/the-wines\/stecia-terrasses-larzac\/#breadcrumb"},"inLanguage":"en-US","potentialAction":[{"@type":"ReadAction","target":["https:\/\/www.cresricards.com\/en\/the-wines\/stecia-terrasses-larzac\/"]}]},{"@type":"ImageObject","inLanguage":"en-US","@id":"https:\/\/www.cresricards.com\/en\/the-wines\/stecia-terrasses-larzac\/#primaryimage","url":"https:\/\/www.cresricards.com\/wp-content\/uploads\/2018\/01\/stecia.png","contentUrl":"https:\/\/www.cresricards.com\/wp-content\/uploads\/2018\/01\/stecia.png","width":800,"height":800,"caption":"Ch\u00e2teau des Cr\u00e8s Ricards St\u00e9cia AOP Terrasse du Larzac"},{"@type":"BreadcrumbList","@id":"https:\/\/www.cresricards.com\/en\/the-wines\/stecia-terrasses-larzac\/#breadcrumb","itemListElement":[{"@type":"ListItem","position":1,"name":"Accueil","item":"https:\/\/www.cresricards.com\/en\/home\/"},{"@type":"ListItem","position":2,"name":"Shop","item":"https:\/\/www.cresricards.com\/en\/shop\/"},{"@type":"ListItem","position":3,"name":"Cr\u00e8s Ricards &#8211; St\u00e9cia"}]},{"@type":"WebSite","@id":"https:\/\/www.cresricards.com\/en\/#website","url":"https:\/\/www.cresricards.com\/en\/","name":"Ch\u00e2teau des Cr\u00e8s Ricards","description":"VIN ET GRAND CRU EN APPELLATION TERRASSES DU LARZAC","publisher":{"@id":"https:\/\/www.cresricards.com\/en\/#organization"},"potentialAction":[{"@type":"SearchAction","target":{"@type":"EntryPoint","urlTemplate":"https:\/\/www.cresricards.com\/en\/?s={search_term_string}"},"query-input":{"@type":"PropertyValueSpecification","valueRequired":true,"valueName":"search_term_string"}}],"inLanguage":"en-US"},{"@type":"Organization","@id":"https:\/\/www.cresricards.com\/en\/#organization","name":"Ch\u00e2teau des Cr\u00e8s Ricards","url":"https:\/\/www.cresricards.com\/en\/","logo":{"@type":"ImageObject","inLanguage":"en-US","@id":"https:\/\/www.cresricards.com\/en\/#\/schema\/logo\/image\/","url":"https:\/\/www.cresricards.com\/wp-content\/uploads\/2022\/01\/CHATEAU-CRES-RICARDS.png","contentUrl":"https:\/\/www.cresricards.com\/wp-content\/uploads\/2022\/01\/CHATEAU-CRES-RICARDS.png","width":1674,"height":700,"caption":"Ch\u00e2teau des Cr\u00e8s Ricards"},"image":{"@id":"https:\/\/www.cresricards.com\/en\/#\/schema\/logo\/image\/"}}]}},"_links":{"self":[{"href":"https:\/\/www.cresricards.com\/en\/wp-json\/wp\/v2\/product\/178"}],"collection":[{"href":"https:\/\/www.cresricards.com\/en\/wp-json\/wp\/v2\/product"}],"about":[{"href":"https:\/\/www.cresricards.com\/en\/wp-json\/wp\/v2\/types\/product"}],"replies":[{"embeddable":true,"href":"https:\/\/www.cresricards.com\/en\/wp-json\/wp\/v2\/comments?post=178"}],"wp:featuredmedia":[{"embeddable":true,"href":"https:\/\/www.cresricards.com\/en\/wp-json\/wp\/v2\/media\/171"}],"wp:attachment":[{"href":"https:\/\/www.cresricards.com\/en\/wp-json\/wp\/v2\/media?parent=178"}],"wp:term":[{"taxonomy":"product_cat","embeddable":true,"href":"https:\/\/www.cresricards.com\/en\/wp-json\/wp\/v2\/product_cat?post=178"},{"taxonomy":"product_tag","embeddable":true,"href":"https:\/\/www.cresricards.com\/en\/wp-json\/wp\/v2\/product_tag?post=178"}],"curies":[{"name":"wp","href":"https:\/\/api.w.org\/{rel}","templated":true}]}}