{"id":179,"date":"2018-01-15T11:54:31","date_gmt":"2018-01-15T10:54:31","guid":{"rendered":"https:\/\/www.cresricards.com\/produit\/merlot\/"},"modified":"2022-12-15T22:35:08","modified_gmt":"2022-12-15T21:35:08","slug":"merlot","status":"publish","type":"product","link":"https:\/\/www.cresricards.com\/en\/the-wines\/merlot\/","title":{"rendered":"Cr\u00e8s Ricards &#8211; Merlot"},"content":{"rendered":"<h4 class=\"p1\">The vineyard<\/h4>\n<ul>\n<li class=\"p1\"><strong>Soil type :<\/strong> Clay and Limestone, pebbly terraces<\/li>\n<li class=\"p1\"><strong>Age of the vineyard :<\/strong> 18 to 30 years old<\/li>\n<li class=\"p1\"><strong>Pruning :<\/strong> Cordon de Royat<\/li>\n<li class=\"p1\"><strong>Harvest :<\/strong> Mechanical<\/li>\n<li class=\"p1\"><strong>Average yield :<\/strong> 35 to 55 hl\/ha<\/li>\n<li class=\"p1\"><strong>Density of planting :<\/strong> 4000-4400<\/li>\n<li class=\"p1\"><strong>Elevation :<\/strong> 70-90m<\/li>\n<li class=\"p1\"><strong>Climate :<\/strong> Mediterranean<\/li>\n<\/ul>\n<h4>Vinification<\/h4>\n<p>Plot selection. Fermentation at controlled temperature.<br \/>\nLong maceration,<br \/>\nfrom 2 to 3 weeks, to get an optimal extraction of aromas and polyphenols. After malolactic fermentation, 40 % of the wine is aged in American (70%) and French (30%) oak barrel for 6 months<\/p>\n","protected":false},"excerpt":{"rendered":"<ul>\n<li><strong>Appellation :<\/strong>\u00a0IGP Pays d&#8217;Oc<\/li>\n<li><strong>C\u00e9pages :<\/strong>\u00a0100% Merlot<\/li>\n<\/ul>\n<p>&nbsp;<\/p>\n<h4 class=\"p1\">Tasting notes<\/h4>\n<p>&nbsp;<\/p>\n<ul>\n<li class=\"p1\"><strong>Colour :<\/strong> Deep ruby red.<\/li>\n<li class=\"p1\"><strong>Nose :<\/strong> Quintessence of blackberry and plum aromas, evolving towards gourmet notes of cocoa.<\/li>\n<li class=\"p1\"><strong>Palate :<\/strong> Smooth, complex and well-structured body. A lot of character with seductive prune and ripe fruits flavors, sustained by fine notes of spices and soft tannins, with cocoa bean and mocha notes.<\/li>\n<li class=\"p1\"><strong>Food paring :<\/strong> Serve at 16\u00b0C, with grilled or roasted, pasta dishes, cured meats, black pudding and apples from Vigan.\u2026<\/li>\n<\/ul>\n","protected":false},"featured_media":172,"comment_status":"open","ping_status":"closed","template":"","meta":{"_et_pb_use_builder":"","_et_pb_old_content":"","_et_gb_content_width":""},"product_cat":[20,22],"product_tag":[],"class_list":["post-179","product","type-product","status-publish","has-post-thumbnail","hentry","product_cat-non-classe","product_cat-non-classifiee"],"yoast_head":"<!-- This site is optimized with the Yoast SEO plugin v25.6 - https:\/\/yoast.com\/wordpress\/plugins\/seo\/ -->\n<title>Cr\u00e8s Ricards - Merlot - Ch\u00e2teau des Cr\u00e8s Ricards<\/title>\n<meta name=\"robots\" content=\"index, follow, max-snippet:-1, max-image-preview:large, max-video-preview:-1\" \/>\n<link rel=\"canonical\" href=\"https:\/\/www.cresricards.com\/en\/the-wines\/merlot\/\" \/>\n<meta property=\"og:locale\" content=\"en_US\" \/>\n<meta property=\"og:type\" content=\"article\" \/>\n<meta property=\"og:title\" content=\"Cr\u00e8s Ricards - Merlot - Ch\u00e2teau des Cr\u00e8s Ricards\" \/>\n<meta property=\"og:description\" content=\"Appellation :\u00a0IGP Pays d&#039;Oc  C\u00e9pages :\u00a0100% Merlot  &nbsp; Tasting notes &nbsp;   Colour : Deep ruby red.  Nose : Quintessence of blackberry and plum aromas, evolving towards gourmet notes of cocoa.  Palate : Smooth, complex and well-structured body. A lot of character with seductive prune and ripe fruits flavors, sustained by fine notes of spices and soft tannins, with cocoa bean and mocha notes.  Food paring : Serve at 16\u00b0C, with grilled or roasted, pasta dishes, cured meats, black pudding and apples from Vigan.\u2026\" \/>\n<meta property=\"og:url\" content=\"https:\/\/www.cresricards.com\/en\/the-wines\/merlot\/\" \/>\n<meta property=\"og:site_name\" content=\"Ch\u00e2teau des Cr\u00e8s Ricards\" \/>\n<meta property=\"article:modified_time\" content=\"2022-12-15T21:35:08+00:00\" \/>\n<meta property=\"og:image\" content=\"https:\/\/www.cresricards.com\/wp-content\/uploads\/2018\/01\/merlot.png\" \/>\n\t<meta property=\"og:image:width\" content=\"800\" \/>\n\t<meta property=\"og:image:height\" content=\"800\" \/>\n\t<meta property=\"og:image:type\" content=\"image\/png\" \/>\n<meta name=\"twitter:card\" content=\"summary_large_image\" \/>\n<script type=\"application\/ld+json\" class=\"yoast-schema-graph\">{\"@context\":\"https:\/\/schema.org\",\"@graph\":[{\"@type\":\"WebPage\",\"@id\":\"https:\/\/www.cresricards.com\/en\/the-wines\/merlot\/\",\"url\":\"https:\/\/www.cresricards.com\/en\/the-wines\/merlot\/\",\"name\":\"Cr\u00e8s Ricards - Merlot - Ch\u00e2teau des Cr\u00e8s Ricards\",\"isPartOf\":{\"@id\":\"https:\/\/www.cresricards.com\/en\/#website\"},\"primaryImageOfPage\":{\"@id\":\"https:\/\/www.cresricards.com\/en\/the-wines\/merlot\/#primaryimage\"},\"image\":{\"@id\":\"https:\/\/www.cresricards.com\/en\/the-wines\/merlot\/#primaryimage\"},\"thumbnailUrl\":\"https:\/\/www.cresricards.com\/wp-content\/uploads\/2018\/01\/merlot.png\",\"datePublished\":\"2018-01-15T10:54:31+00:00\",\"dateModified\":\"2022-12-15T21:35:08+00:00\",\"breadcrumb\":{\"@id\":\"https:\/\/www.cresricards.com\/en\/the-wines\/merlot\/#breadcrumb\"},\"inLanguage\":\"en-US\",\"potentialAction\":[{\"@type\":\"ReadAction\",\"target\":[\"https:\/\/www.cresricards.com\/en\/the-wines\/merlot\/\"]}]},{\"@type\":\"ImageObject\",\"inLanguage\":\"en-US\",\"@id\":\"https:\/\/www.cresricards.com\/en\/the-wines\/merlot\/#primaryimage\",\"url\":\"https:\/\/www.cresricards.com\/wp-content\/uploads\/2018\/01\/merlot.png\",\"contentUrl\":\"https:\/\/www.cresricards.com\/wp-content\/uploads\/2018\/01\/merlot.png\",\"width\":800,\"height\":800,\"caption\":\"Domaine des Cr\u00e8s Ricards merlot Ch\u00e2teau des Cr\u00e8s Ricards 34800 Ceyras IGP Pays d'Oc\"},{\"@type\":\"BreadcrumbList\",\"@id\":\"https:\/\/www.cresricards.com\/en\/the-wines\/merlot\/#breadcrumb\",\"itemListElement\":[{\"@type\":\"ListItem\",\"position\":1,\"name\":\"Accueil\",\"item\":\"https:\/\/www.cresricards.com\/en\/home\/\"},{\"@type\":\"ListItem\",\"position\":2,\"name\":\"Shop\",\"item\":\"https:\/\/www.cresricards.com\/en\/shop\/\"},{\"@type\":\"ListItem\",\"position\":3,\"name\":\"Cr\u00e8s Ricards &#8211; Merlot\"}]},{\"@type\":\"WebSite\",\"@id\":\"https:\/\/www.cresricards.com\/en\/#website\",\"url\":\"https:\/\/www.cresricards.com\/en\/\",\"name\":\"Ch\u00e2teau des Cr\u00e8s Ricards\",\"description\":\"VIN ET GRAND CRU EN APPELLATION TERRASSES DU LARZAC\",\"publisher\":{\"@id\":\"https:\/\/www.cresricards.com\/en\/#organization\"},\"potentialAction\":[{\"@type\":\"SearchAction\",\"target\":{\"@type\":\"EntryPoint\",\"urlTemplate\":\"https:\/\/www.cresricards.com\/en\/?s={search_term_string}\"},\"query-input\":{\"@type\":\"PropertyValueSpecification\",\"valueRequired\":true,\"valueName\":\"search_term_string\"}}],\"inLanguage\":\"en-US\"},{\"@type\":\"Organization\",\"@id\":\"https:\/\/www.cresricards.com\/en\/#organization\",\"name\":\"Ch\u00e2teau des Cr\u00e8s Ricards\",\"url\":\"https:\/\/www.cresricards.com\/en\/\",\"logo\":{\"@type\":\"ImageObject\",\"inLanguage\":\"en-US\",\"@id\":\"https:\/\/www.cresricards.com\/en\/#\/schema\/logo\/image\/\",\"url\":\"https:\/\/www.cresricards.com\/wp-content\/uploads\/2022\/01\/CHATEAU-CRES-RICARDS.png\",\"contentUrl\":\"https:\/\/www.cresricards.com\/wp-content\/uploads\/2022\/01\/CHATEAU-CRES-RICARDS.png\",\"width\":1674,\"height\":700,\"caption\":\"Ch\u00e2teau des Cr\u00e8s Ricards\"},\"image\":{\"@id\":\"https:\/\/www.cresricards.com\/en\/#\/schema\/logo\/image\/\"}}]}<\/script>\n<!-- \/ Yoast SEO plugin. -->","yoast_head_json":{"title":"Cr\u00e8s Ricards - Merlot - Ch\u00e2teau des Cr\u00e8s Ricards","robots":{"index":"index","follow":"follow","max-snippet":"max-snippet:-1","max-image-preview":"max-image-preview:large","max-video-preview":"max-video-preview:-1"},"canonical":"https:\/\/www.cresricards.com\/en\/the-wines\/merlot\/","og_locale":"en_US","og_type":"article","og_title":"Cr\u00e8s Ricards - Merlot - Ch\u00e2teau des Cr\u00e8s Ricards","og_description":"Appellation :\u00a0IGP Pays d'Oc  C\u00e9pages :\u00a0100% Merlot  &nbsp; Tasting notes &nbsp;   Colour : Deep ruby red.  Nose : Quintessence of blackberry and plum aromas, evolving towards gourmet notes of cocoa.  Palate : Smooth, complex and well-structured body. A lot of character with seductive prune and ripe fruits flavors, sustained by fine notes of spices and soft tannins, with cocoa bean and mocha notes.  Food paring : Serve at 16\u00b0C, with grilled or roasted, pasta dishes, cured meats, black pudding and apples from Vigan.\u2026","og_url":"https:\/\/www.cresricards.com\/en\/the-wines\/merlot\/","og_site_name":"Ch\u00e2teau des Cr\u00e8s Ricards","article_modified_time":"2022-12-15T21:35:08+00:00","og_image":[{"width":800,"height":800,"url":"https:\/\/www.cresricards.com\/wp-content\/uploads\/2018\/01\/merlot.png","type":"image\/png"}],"twitter_card":"summary_large_image","schema":{"@context":"https:\/\/schema.org","@graph":[{"@type":"WebPage","@id":"https:\/\/www.cresricards.com\/en\/the-wines\/merlot\/","url":"https:\/\/www.cresricards.com\/en\/the-wines\/merlot\/","name":"Cr\u00e8s Ricards - Merlot - Ch\u00e2teau des Cr\u00e8s Ricards","isPartOf":{"@id":"https:\/\/www.cresricards.com\/en\/#website"},"primaryImageOfPage":{"@id":"https:\/\/www.cresricards.com\/en\/the-wines\/merlot\/#primaryimage"},"image":{"@id":"https:\/\/www.cresricards.com\/en\/the-wines\/merlot\/#primaryimage"},"thumbnailUrl":"https:\/\/www.cresricards.com\/wp-content\/uploads\/2018\/01\/merlot.png","datePublished":"2018-01-15T10:54:31+00:00","dateModified":"2022-12-15T21:35:08+00:00","breadcrumb":{"@id":"https:\/\/www.cresricards.com\/en\/the-wines\/merlot\/#breadcrumb"},"inLanguage":"en-US","potentialAction":[{"@type":"ReadAction","target":["https:\/\/www.cresricards.com\/en\/the-wines\/merlot\/"]}]},{"@type":"ImageObject","inLanguage":"en-US","@id":"https:\/\/www.cresricards.com\/en\/the-wines\/merlot\/#primaryimage","url":"https:\/\/www.cresricards.com\/wp-content\/uploads\/2018\/01\/merlot.png","contentUrl":"https:\/\/www.cresricards.com\/wp-content\/uploads\/2018\/01\/merlot.png","width":800,"height":800,"caption":"Domaine des Cr\u00e8s Ricards merlot Ch\u00e2teau des Cr\u00e8s Ricards 34800 Ceyras IGP Pays d'Oc"},{"@type":"BreadcrumbList","@id":"https:\/\/www.cresricards.com\/en\/the-wines\/merlot\/#breadcrumb","itemListElement":[{"@type":"ListItem","position":1,"name":"Accueil","item":"https:\/\/www.cresricards.com\/en\/home\/"},{"@type":"ListItem","position":2,"name":"Shop","item":"https:\/\/www.cresricards.com\/en\/shop\/"},{"@type":"ListItem","position":3,"name":"Cr\u00e8s Ricards &#8211; Merlot"}]},{"@type":"WebSite","@id":"https:\/\/www.cresricards.com\/en\/#website","url":"https:\/\/www.cresricards.com\/en\/","name":"Ch\u00e2teau des Cr\u00e8s Ricards","description":"VIN ET GRAND CRU EN APPELLATION TERRASSES DU LARZAC","publisher":{"@id":"https:\/\/www.cresricards.com\/en\/#organization"},"potentialAction":[{"@type":"SearchAction","target":{"@type":"EntryPoint","urlTemplate":"https:\/\/www.cresricards.com\/en\/?s={search_term_string}"},"query-input":{"@type":"PropertyValueSpecification","valueRequired":true,"valueName":"search_term_string"}}],"inLanguage":"en-US"},{"@type":"Organization","@id":"https:\/\/www.cresricards.com\/en\/#organization","name":"Ch\u00e2teau des Cr\u00e8s Ricards","url":"https:\/\/www.cresricards.com\/en\/","logo":{"@type":"ImageObject","inLanguage":"en-US","@id":"https:\/\/www.cresricards.com\/en\/#\/schema\/logo\/image\/","url":"https:\/\/www.cresricards.com\/wp-content\/uploads\/2022\/01\/CHATEAU-CRES-RICARDS.png","contentUrl":"https:\/\/www.cresricards.com\/wp-content\/uploads\/2022\/01\/CHATEAU-CRES-RICARDS.png","width":1674,"height":700,"caption":"Ch\u00e2teau des Cr\u00e8s Ricards"},"image":{"@id":"https:\/\/www.cresricards.com\/en\/#\/schema\/logo\/image\/"}}]}},"_links":{"self":[{"href":"https:\/\/www.cresricards.com\/en\/wp-json\/wp\/v2\/product\/179"}],"collection":[{"href":"https:\/\/www.cresricards.com\/en\/wp-json\/wp\/v2\/product"}],"about":[{"href":"https:\/\/www.cresricards.com\/en\/wp-json\/wp\/v2\/types\/product"}],"replies":[{"embeddable":true,"href":"https:\/\/www.cresricards.com\/en\/wp-json\/wp\/v2\/comments?post=179"}],"wp:featuredmedia":[{"embeddable":true,"href":"https:\/\/www.cresricards.com\/en\/wp-json\/wp\/v2\/media\/172"}],"wp:attachment":[{"href":"https:\/\/www.cresricards.com\/en\/wp-json\/wp\/v2\/media?parent=179"}],"wp:term":[{"taxonomy":"product_cat","embeddable":true,"href":"https:\/\/www.cresricards.com\/en\/wp-json\/wp\/v2\/product_cat?post=179"},{"taxonomy":"product_tag","embeddable":true,"href":"https:\/\/www.cresricards.com\/en\/wp-json\/wp\/v2\/product_tag?post=179"}],"curies":[{"name":"wp","href":"https:\/\/api.w.org\/{rel}","templated":true}]}}