{"id":180,"date":"2018-01-15T11:59:06","date_gmt":"2018-01-15T10:59:06","guid":{"rendered":"https:\/\/www.cresricards.com\/produit\/esprit-de-cres-ricards-viognier-fut\/"},"modified":"2024-10-14T11:38:43","modified_gmt":"2024-10-14T09:38:43","slug":"esprit-de-cres-ricards-viognier-fut","status":"publish","type":"product","link":"https:\/\/www.cresricards.com\/en\/the-wines\/esprit-de-cres-ricards-viognier-fut\/","title":{"rendered":"Esprit de Cr\u00e8s Ricards Viognier"},"content":{"rendered":"<h4 class=\"p2\">The Vineyard<\/h4>\n<ul>\n<li class=\"p2\"><strong>Soil type :<\/strong> Clay and limestone<\/li>\n<li class=\"p2\"><strong>Age of the vine :<\/strong> 20 year-old<\/li>\n<li class=\"p2\"><strong>Pruning :<\/strong> Guyot simple<\/li>\n<li class=\"p2\"><strong>Harvesting :<\/strong> Mainly hand picked<\/li>\n<li class=\"p2\"><strong>Average yield :<\/strong> 52 hl\/ha<\/li>\n<li class=\"p2\"><strong>Density of planting :<\/strong> 4400 plants\/ha<\/li>\n<li class=\"p2\"><strong>Elevation :<\/strong> 100-150m<\/li>\n<li class=\"p2\"><strong>Climate :<\/strong> Mediterannean<\/li>\n<\/ul>\n<h4 class=\"p2\">Wine Making<\/h4>\n<p class=\"p2\">Destemming of the grape, pneumatic pressing. Low temperature racking. All the wine is fermented in barrels for one month at 18-20\u00b0C. Malolactic fermentation for 30% of the wine. Then aged on lees with regular batonnage for 3 months. The wine is transferred in to vats for ageing a further one month in stainless steel vats before bottling.<\/p>\n","protected":false},"excerpt":{"rendered":"<ul>\n<li><strong>Appellation :<\/strong>\u00a0IGP Pays d&#8217;Oc<\/li>\n<li><strong>Grape Variety :\u00a0<\/strong>100% Viognier<\/li>\n<\/ul>\n<p>&nbsp;<\/p>\n<h4 class=\"p2\">Tasting notes<\/h4>\n<p>&nbsp;<\/p>\n<ul>\n<li class=\"p2\"><strong>Colour :<\/strong> Bright gold<\/li>\n<li class=\"p2\"><strong>Nose :<\/strong> Very elegant with a quintessence of dry fruits, peach, vanilla and floral aromas.<\/li>\n<li class=\"p2\"><strong>Palate :<\/strong> Rich, fresh and mellow with a very long persistence finishing on dry apricot and bread crust notes<\/li>\n<li class=\"p2\"><strong>Food pairing :<\/strong> serve at 10 to 12\u00b0C, preferably with seafood and fish dishes, white meats, blue cheeses, tarts and fruit desserts. A perfect companion for medium spicy food .This wine will also be very enjoyable alone as a relaxing drink.<\/li>\n<\/ul>\n","protected":false},"featured_media":173,"comment_status":"open","ping_status":"closed","template":"","meta":{"_et_pb_use_builder":"","_et_pb_old_content":"","_et_gb_content_width":""},"product_cat":[19],"product_tag":[],"class_list":["post-180","product","type-product","status-publish","has-post-thumbnail","hentry","product_cat-esprit-de-cres-ricards-en"],"yoast_head":"<!-- This site is optimized with the Yoast SEO plugin v25.6 - https:\/\/yoast.com\/wordpress\/plugins\/seo\/ -->\n<title>Esprit de Cr\u00e8s Ricards Viognier - Ch\u00e2teau des Cr\u00e8s Ricards<\/title>\n<meta name=\"robots\" content=\"index, follow, max-snippet:-1, max-image-preview:large, max-video-preview:-1\" \/>\n<link rel=\"canonical\" href=\"https:\/\/www.cresricards.com\/en\/the-wines\/esprit-de-cres-ricards-viognier-fut\/\" \/>\n<meta property=\"og:locale\" content=\"en_US\" \/>\n<meta property=\"og:type\" content=\"article\" \/>\n<meta property=\"og:title\" content=\"Esprit de Cr\u00e8s Ricards Viognier - Ch\u00e2teau des Cr\u00e8s Ricards\" \/>\n<meta property=\"og:description\" content=\"Appellation :\u00a0IGP Pays d&#039;Oc  Grape Variety :\u00a0100% Viognier  &nbsp; Tasting notes &nbsp;   Colour : Bright gold  Nose : Very elegant with a quintessence of dry fruits, peach, vanilla and floral aromas.  Palate : Rich, fresh and mellow with a very long persistence finishing on dry apricot and bread crust notes  Food pairing : serve at 10 to 12\u00b0C, preferably with seafood and fish dishes, white meats, blue cheeses, tarts and fruit desserts. A perfect companion for medium spicy food .This wine will also be very enjoyable alone as a relaxing drink.\" \/>\n<meta property=\"og:url\" content=\"https:\/\/www.cresricards.com\/en\/the-wines\/esprit-de-cres-ricards-viognier-fut\/\" \/>\n<meta property=\"og:site_name\" content=\"Ch\u00e2teau des Cr\u00e8s Ricards\" \/>\n<meta property=\"article:modified_time\" content=\"2024-10-14T09:38:43+00:00\" \/>\n<meta property=\"og:image\" content=\"https:\/\/www.cresricards.com\/wp-content\/uploads\/2018\/01\/viognier.png\" \/>\n\t<meta property=\"og:image:width\" content=\"800\" \/>\n\t<meta property=\"og:image:height\" content=\"800\" \/>\n\t<meta property=\"og:image:type\" content=\"image\/png\" \/>\n<meta name=\"twitter:card\" content=\"summary_large_image\" \/>\n<script type=\"application\/ld+json\" class=\"yoast-schema-graph\">{\"@context\":\"https:\/\/schema.org\",\"@graph\":[{\"@type\":\"WebPage\",\"@id\":\"https:\/\/www.cresricards.com\/en\/the-wines\/esprit-de-cres-ricards-viognier-fut\/\",\"url\":\"https:\/\/www.cresricards.com\/en\/the-wines\/esprit-de-cres-ricards-viognier-fut\/\",\"name\":\"Esprit de Cr\u00e8s Ricards Viognier - Ch\u00e2teau des Cr\u00e8s Ricards\",\"isPartOf\":{\"@id\":\"https:\/\/www.cresricards.com\/en\/#website\"},\"primaryImageOfPage\":{\"@id\":\"https:\/\/www.cresricards.com\/en\/the-wines\/esprit-de-cres-ricards-viognier-fut\/#primaryimage\"},\"image\":{\"@id\":\"https:\/\/www.cresricards.com\/en\/the-wines\/esprit-de-cres-ricards-viognier-fut\/#primaryimage\"},\"thumbnailUrl\":\"https:\/\/www.cresricards.com\/wp-content\/uploads\/2018\/01\/viognier.png\",\"datePublished\":\"2018-01-15T10:59:06+00:00\",\"dateModified\":\"2024-10-14T09:38:43+00:00\",\"breadcrumb\":{\"@id\":\"https:\/\/www.cresricards.com\/en\/the-wines\/esprit-de-cres-ricards-viognier-fut\/#breadcrumb\"},\"inLanguage\":\"en-US\",\"potentialAction\":[{\"@type\":\"ReadAction\",\"target\":[\"https:\/\/www.cresricards.com\/en\/the-wines\/esprit-de-cres-ricards-viognier-fut\/\"]}]},{\"@type\":\"ImageObject\",\"inLanguage\":\"en-US\",\"@id\":\"https:\/\/www.cresricards.com\/en\/the-wines\/esprit-de-cres-ricards-viognier-fut\/#primaryimage\",\"url\":\"https:\/\/www.cresricards.com\/wp-content\/uploads\/2018\/01\/viognier.png\",\"contentUrl\":\"https:\/\/www.cresricards.com\/wp-content\/uploads\/2018\/01\/viognier.png\",\"width\":800,\"height\":800,\"caption\":\"Esprit de Cr\u00e8s Ricards viognier\"},{\"@type\":\"BreadcrumbList\",\"@id\":\"https:\/\/www.cresricards.com\/en\/the-wines\/esprit-de-cres-ricards-viognier-fut\/#breadcrumb\",\"itemListElement\":[{\"@type\":\"ListItem\",\"position\":1,\"name\":\"Accueil\",\"item\":\"https:\/\/www.cresricards.com\/en\/home\/\"},{\"@type\":\"ListItem\",\"position\":2,\"name\":\"Shop\",\"item\":\"https:\/\/www.cresricards.com\/en\/shop\/\"},{\"@type\":\"ListItem\",\"position\":3,\"name\":\"Esprit de Cr\u00e8s Ricards Viognier\"}]},{\"@type\":\"WebSite\",\"@id\":\"https:\/\/www.cresricards.com\/en\/#website\",\"url\":\"https:\/\/www.cresricards.com\/en\/\",\"name\":\"Ch\u00e2teau des Cr\u00e8s Ricards\",\"description\":\"VIN ET GRAND CRU EN APPELLATION TERRASSES DU LARZAC\",\"publisher\":{\"@id\":\"https:\/\/www.cresricards.com\/en\/#organization\"},\"potentialAction\":[{\"@type\":\"SearchAction\",\"target\":{\"@type\":\"EntryPoint\",\"urlTemplate\":\"https:\/\/www.cresricards.com\/en\/?s={search_term_string}\"},\"query-input\":{\"@type\":\"PropertyValueSpecification\",\"valueRequired\":true,\"valueName\":\"search_term_string\"}}],\"inLanguage\":\"en-US\"},{\"@type\":\"Organization\",\"@id\":\"https:\/\/www.cresricards.com\/en\/#organization\",\"name\":\"Ch\u00e2teau des Cr\u00e8s Ricards\",\"url\":\"https:\/\/www.cresricards.com\/en\/\",\"logo\":{\"@type\":\"ImageObject\",\"inLanguage\":\"en-US\",\"@id\":\"https:\/\/www.cresricards.com\/en\/#\/schema\/logo\/image\/\",\"url\":\"https:\/\/www.cresricards.com\/wp-content\/uploads\/2022\/01\/CHATEAU-CRES-RICARDS.png\",\"contentUrl\":\"https:\/\/www.cresricards.com\/wp-content\/uploads\/2022\/01\/CHATEAU-CRES-RICARDS.png\",\"width\":1674,\"height\":700,\"caption\":\"Ch\u00e2teau des Cr\u00e8s Ricards\"},\"image\":{\"@id\":\"https:\/\/www.cresricards.com\/en\/#\/schema\/logo\/image\/\"}}]}<\/script>\n<!-- \/ Yoast SEO plugin. -->","yoast_head_json":{"title":"Esprit de Cr\u00e8s Ricards Viognier - Ch\u00e2teau des Cr\u00e8s Ricards","robots":{"index":"index","follow":"follow","max-snippet":"max-snippet:-1","max-image-preview":"max-image-preview:large","max-video-preview":"max-video-preview:-1"},"canonical":"https:\/\/www.cresricards.com\/en\/the-wines\/esprit-de-cres-ricards-viognier-fut\/","og_locale":"en_US","og_type":"article","og_title":"Esprit de Cr\u00e8s Ricards Viognier - Ch\u00e2teau des Cr\u00e8s Ricards","og_description":"Appellation :\u00a0IGP Pays d'Oc  Grape Variety :\u00a0100% Viognier  &nbsp; Tasting notes &nbsp;   Colour : Bright gold  Nose : Very elegant with a quintessence of dry fruits, peach, vanilla and floral aromas.  Palate : Rich, fresh and mellow with a very long persistence finishing on dry apricot and bread crust notes  Food pairing : serve at 10 to 12\u00b0C, preferably with seafood and fish dishes, white meats, blue cheeses, tarts and fruit desserts. A perfect companion for medium spicy food .This wine will also be very enjoyable alone as a relaxing drink.","og_url":"https:\/\/www.cresricards.com\/en\/the-wines\/esprit-de-cres-ricards-viognier-fut\/","og_site_name":"Ch\u00e2teau des Cr\u00e8s Ricards","article_modified_time":"2024-10-14T09:38:43+00:00","og_image":[{"width":800,"height":800,"url":"https:\/\/www.cresricards.com\/wp-content\/uploads\/2018\/01\/viognier.png","type":"image\/png"}],"twitter_card":"summary_large_image","schema":{"@context":"https:\/\/schema.org","@graph":[{"@type":"WebPage","@id":"https:\/\/www.cresricards.com\/en\/the-wines\/esprit-de-cres-ricards-viognier-fut\/","url":"https:\/\/www.cresricards.com\/en\/the-wines\/esprit-de-cres-ricards-viognier-fut\/","name":"Esprit de Cr\u00e8s Ricards Viognier - Ch\u00e2teau des Cr\u00e8s Ricards","isPartOf":{"@id":"https:\/\/www.cresricards.com\/en\/#website"},"primaryImageOfPage":{"@id":"https:\/\/www.cresricards.com\/en\/the-wines\/esprit-de-cres-ricards-viognier-fut\/#primaryimage"},"image":{"@id":"https:\/\/www.cresricards.com\/en\/the-wines\/esprit-de-cres-ricards-viognier-fut\/#primaryimage"},"thumbnailUrl":"https:\/\/www.cresricards.com\/wp-content\/uploads\/2018\/01\/viognier.png","datePublished":"2018-01-15T10:59:06+00:00","dateModified":"2024-10-14T09:38:43+00:00","breadcrumb":{"@id":"https:\/\/www.cresricards.com\/en\/the-wines\/esprit-de-cres-ricards-viognier-fut\/#breadcrumb"},"inLanguage":"en-US","potentialAction":[{"@type":"ReadAction","target":["https:\/\/www.cresricards.com\/en\/the-wines\/esprit-de-cres-ricards-viognier-fut\/"]}]},{"@type":"ImageObject","inLanguage":"en-US","@id":"https:\/\/www.cresricards.com\/en\/the-wines\/esprit-de-cres-ricards-viognier-fut\/#primaryimage","url":"https:\/\/www.cresricards.com\/wp-content\/uploads\/2018\/01\/viognier.png","contentUrl":"https:\/\/www.cresricards.com\/wp-content\/uploads\/2018\/01\/viognier.png","width":800,"height":800,"caption":"Esprit de Cr\u00e8s Ricards viognier"},{"@type":"BreadcrumbList","@id":"https:\/\/www.cresricards.com\/en\/the-wines\/esprit-de-cres-ricards-viognier-fut\/#breadcrumb","itemListElement":[{"@type":"ListItem","position":1,"name":"Accueil","item":"https:\/\/www.cresricards.com\/en\/home\/"},{"@type":"ListItem","position":2,"name":"Shop","item":"https:\/\/www.cresricards.com\/en\/shop\/"},{"@type":"ListItem","position":3,"name":"Esprit de Cr\u00e8s Ricards Viognier"}]},{"@type":"WebSite","@id":"https:\/\/www.cresricards.com\/en\/#website","url":"https:\/\/www.cresricards.com\/en\/","name":"Ch\u00e2teau des Cr\u00e8s Ricards","description":"VIN ET GRAND CRU EN APPELLATION TERRASSES DU LARZAC","publisher":{"@id":"https:\/\/www.cresricards.com\/en\/#organization"},"potentialAction":[{"@type":"SearchAction","target":{"@type":"EntryPoint","urlTemplate":"https:\/\/www.cresricards.com\/en\/?s={search_term_string}"},"query-input":{"@type":"PropertyValueSpecification","valueRequired":true,"valueName":"search_term_string"}}],"inLanguage":"en-US"},{"@type":"Organization","@id":"https:\/\/www.cresricards.com\/en\/#organization","name":"Ch\u00e2teau des Cr\u00e8s Ricards","url":"https:\/\/www.cresricards.com\/en\/","logo":{"@type":"ImageObject","inLanguage":"en-US","@id":"https:\/\/www.cresricards.com\/en\/#\/schema\/logo\/image\/","url":"https:\/\/www.cresricards.com\/wp-content\/uploads\/2022\/01\/CHATEAU-CRES-RICARDS.png","contentUrl":"https:\/\/www.cresricards.com\/wp-content\/uploads\/2022\/01\/CHATEAU-CRES-RICARDS.png","width":1674,"height":700,"caption":"Ch\u00e2teau des Cr\u00e8s Ricards"},"image":{"@id":"https:\/\/www.cresricards.com\/en\/#\/schema\/logo\/image\/"}}]}},"_links":{"self":[{"href":"https:\/\/www.cresricards.com\/en\/wp-json\/wp\/v2\/product\/180"}],"collection":[{"href":"https:\/\/www.cresricards.com\/en\/wp-json\/wp\/v2\/product"}],"about":[{"href":"https:\/\/www.cresricards.com\/en\/wp-json\/wp\/v2\/types\/product"}],"replies":[{"embeddable":true,"href":"https:\/\/www.cresricards.com\/en\/wp-json\/wp\/v2\/comments?post=180"}],"wp:featuredmedia":[{"embeddable":true,"href":"https:\/\/www.cresricards.com\/en\/wp-json\/wp\/v2\/media\/173"}],"wp:attachment":[{"href":"https:\/\/www.cresricards.com\/en\/wp-json\/wp\/v2\/media?parent=180"}],"wp:term":[{"taxonomy":"product_cat","embeddable":true,"href":"https:\/\/www.cresricards.com\/en\/wp-json\/wp\/v2\/product_cat?post=180"},{"taxonomy":"product_tag","embeddable":true,"href":"https:\/\/www.cresricards.com\/en\/wp-json\/wp\/v2\/product_tag?post=180"}],"curies":[{"name":"wp","href":"https:\/\/api.w.org\/{rel}","templated":true}]}}