{"id":181,"date":"2018-01-15T12:04:13","date_gmt":"2018-01-15T11:04:13","guid":{"rendered":"https:\/\/www.cresricards.com\/produit\/marsanne-roussanne\/"},"modified":"2026-03-17T01:19:27","modified_gmt":"2026-03-17T00:19:27","slug":"marsanne-roussanne","status":"publish","type":"product","link":"https:\/\/www.cresricards.com\/en\/the-wines\/marsanne-roussanne\/","title":{"rendered":"Esprit de Cr\u00e8s Ricards &#8211; Marsanne Roussanne"},"content":{"rendered":"<h4 class=\"p2\">The vineyard<\/h4>\n<ul>\n<li class=\"p2\"><strong>Pruning :<\/strong> Cordon de Royat<\/li>\n<li class=\"p2\"><strong>Harvests :<\/strong> both handpicked and mechanical.<\/li>\n<\/ul>\n<h4 class=\"p2\">Vinification<\/h4>\n<p class=\"p2\">Destemming, no skin contact, racking at 10\u00b0C, pneumatic press. 15% of the wine make the fermentation in french oak barrel for 1 month at 16\u00b0C. The remaining make the fermentation in stainless steel with selected yeast.<\/p>\n","protected":false},"excerpt":{"rendered":"<ul>\n<li><strong>Appellation :\u00a0<\/strong>IGP Pays d&#8217;Oc<\/li>\n<li><strong>C\u00e9pages :\u00a0<\/strong>70 % Marsanne, 30 % Roussanne<\/li>\n<\/ul>\n<p>&nbsp;<\/p>\n<h4 class=\"p2\">Tasting notes<\/h4>\n<p>&nbsp;<\/p>\n<ul>\n<li class=\"p2\"><strong>Colour :<\/strong> Limpid, clear and shining colour.<\/li>\n<li class=\"p2\"><strong>Nose :<\/strong> Elegant, both fresh and very expressive, with floral and fruity notes.<\/li>\n<li class=\"p2\"><strong>Palate :<\/strong> Rich and fresh, passion fruit, white flowers and honeysuckle flavours. Wonderful and very long finish revealing vanilla and apricot notes.<\/li>\n<li class=\"p2\"><strong>Food paring :<\/strong> Serve at 10\/12\u00b0C, this wine is enjoyable as before dinner, but very tasty as well with seafood, fishes, poultries, salads, blue cheeses\u2026.<\/li>\n<\/ul>\n","protected":false},"featured_media":174,"comment_status":"open","ping_status":"closed","template":"","meta":{"_et_pb_use_builder":"","_et_pb_old_content":"","_et_gb_content_width":""},"product_cat":[19],"product_tag":[],"class_list":["post-181","product","type-product","status-publish","has-post-thumbnail","hentry","product_cat-esprit-de-cres-ricards-en"],"yoast_head":"<!-- This site is optimized with the Yoast SEO plugin v25.6 - https:\/\/yoast.com\/wordpress\/plugins\/seo\/ -->\n<title>Esprit de Cr\u00e8s Ricards - Marsanne Roussanne - Ch\u00e2teau des Cr\u00e8s Ricards<\/title>\n<meta name=\"robots\" content=\"index, follow, max-snippet:-1, max-image-preview:large, max-video-preview:-1\" \/>\n<link rel=\"canonical\" href=\"https:\/\/www.cresricards.com\/en\/the-wines\/marsanne-roussanne\/\" \/>\n<meta property=\"og:locale\" content=\"en_US\" \/>\n<meta property=\"og:type\" content=\"article\" \/>\n<meta property=\"og:title\" content=\"Esprit de Cr\u00e8s Ricards - Marsanne Roussanne - Ch\u00e2teau des Cr\u00e8s Ricards\" \/>\n<meta property=\"og:description\" content=\"Appellation :\u00a0IGP Pays d&#039;Oc  C\u00e9pages :\u00a070 % Marsanne, 30 % Roussanne  &nbsp; Tasting notes &nbsp;   Colour : Limpid, clear and shining colour.  Nose : Elegant, both fresh and very expressive, with floral and fruity notes.  Palate : Rich and fresh, passion fruit, white flowers and honeysuckle flavours. Wonderful and very long finish revealing vanilla and apricot notes.  Food paring : Serve at 10\/12\u00b0C, this wine is enjoyable as before dinner, but very tasty as well with seafood, fishes, poultries, salads, blue cheeses\u2026.\" \/>\n<meta property=\"og:url\" content=\"https:\/\/www.cresricards.com\/en\/the-wines\/marsanne-roussanne\/\" \/>\n<meta property=\"og:site_name\" content=\"Ch\u00e2teau des Cr\u00e8s Ricards\" \/>\n<meta property=\"article:modified_time\" content=\"2026-03-17T00:19:27+00:00\" \/>\n<meta property=\"og:image\" content=\"https:\/\/www.cresricards.com\/wp-content\/uploads\/2018\/01\/marsanne-roussanne.png\" \/>\n\t<meta property=\"og:image:width\" content=\"800\" \/>\n\t<meta property=\"og:image:height\" content=\"800\" \/>\n\t<meta property=\"og:image:type\" content=\"image\/png\" \/>\n<meta name=\"twitter:card\" content=\"summary_large_image\" \/>\n<script type=\"application\/ld+json\" class=\"yoast-schema-graph\">{\"@context\":\"https:\/\/schema.org\",\"@graph\":[{\"@type\":\"WebPage\",\"@id\":\"https:\/\/www.cresricards.com\/en\/the-wines\/marsanne-roussanne\/\",\"url\":\"https:\/\/www.cresricards.com\/en\/the-wines\/marsanne-roussanne\/\",\"name\":\"Esprit de Cr\u00e8s Ricards - Marsanne Roussanne - Ch\u00e2teau des Cr\u00e8s Ricards\",\"isPartOf\":{\"@id\":\"https:\/\/www.cresricards.com\/en\/#website\"},\"primaryImageOfPage\":{\"@id\":\"https:\/\/www.cresricards.com\/en\/the-wines\/marsanne-roussanne\/#primaryimage\"},\"image\":{\"@id\":\"https:\/\/www.cresricards.com\/en\/the-wines\/marsanne-roussanne\/#primaryimage\"},\"thumbnailUrl\":\"https:\/\/www.cresricards.com\/wp-content\/uploads\/2018\/01\/marsanne-roussanne.png\",\"datePublished\":\"2018-01-15T11:04:13+00:00\",\"dateModified\":\"2026-03-17T00:19:27+00:00\",\"breadcrumb\":{\"@id\":\"https:\/\/www.cresricards.com\/en\/the-wines\/marsanne-roussanne\/#breadcrumb\"},\"inLanguage\":\"en-US\",\"potentialAction\":[{\"@type\":\"ReadAction\",\"target\":[\"https:\/\/www.cresricards.com\/en\/the-wines\/marsanne-roussanne\/\"]}]},{\"@type\":\"ImageObject\",\"inLanguage\":\"en-US\",\"@id\":\"https:\/\/www.cresricards.com\/en\/the-wines\/marsanne-roussanne\/#primaryimage\",\"url\":\"https:\/\/www.cresricards.com\/wp-content\/uploads\/2018\/01\/marsanne-roussanne.png\",\"contentUrl\":\"https:\/\/www.cresricards.com\/wp-content\/uploads\/2018\/01\/marsanne-roussanne.png\",\"width\":800,\"height\":800,\"caption\":\"Esprit de Cr\u00e8s Ricards marsanne-roussanne Ch\u00e2teau des Cr\u00e8s Ricards 34800 Ceyras IGP Pays d'Oc\"},{\"@type\":\"BreadcrumbList\",\"@id\":\"https:\/\/www.cresricards.com\/en\/the-wines\/marsanne-roussanne\/#breadcrumb\",\"itemListElement\":[{\"@type\":\"ListItem\",\"position\":1,\"name\":\"Accueil\",\"item\":\"https:\/\/www.cresricards.com\/en\/home\/\"},{\"@type\":\"ListItem\",\"position\":2,\"name\":\"Shop\",\"item\":\"https:\/\/www.cresricards.com\/en\/shop\/\"},{\"@type\":\"ListItem\",\"position\":3,\"name\":\"Esprit de Cr\u00e8s Ricards &#8211; Marsanne Roussanne\"}]},{\"@type\":\"WebSite\",\"@id\":\"https:\/\/www.cresricards.com\/en\/#website\",\"url\":\"https:\/\/www.cresricards.com\/en\/\",\"name\":\"Ch\u00e2teau des Cr\u00e8s Ricards\",\"description\":\"VIN ET GRAND CRU EN APPELLATION TERRASSES DU LARZAC\",\"publisher\":{\"@id\":\"https:\/\/www.cresricards.com\/en\/#organization\"},\"potentialAction\":[{\"@type\":\"SearchAction\",\"target\":{\"@type\":\"EntryPoint\",\"urlTemplate\":\"https:\/\/www.cresricards.com\/en\/?s={search_term_string}\"},\"query-input\":{\"@type\":\"PropertyValueSpecification\",\"valueRequired\":true,\"valueName\":\"search_term_string\"}}],\"inLanguage\":\"en-US\"},{\"@type\":\"Organization\",\"@id\":\"https:\/\/www.cresricards.com\/en\/#organization\",\"name\":\"Ch\u00e2teau des Cr\u00e8s Ricards\",\"url\":\"https:\/\/www.cresricards.com\/en\/\",\"logo\":{\"@type\":\"ImageObject\",\"inLanguage\":\"en-US\",\"@id\":\"https:\/\/www.cresricards.com\/en\/#\/schema\/logo\/image\/\",\"url\":\"https:\/\/www.cresricards.com\/wp-content\/uploads\/2022\/01\/CHATEAU-CRES-RICARDS.png\",\"contentUrl\":\"https:\/\/www.cresricards.com\/wp-content\/uploads\/2022\/01\/CHATEAU-CRES-RICARDS.png\",\"width\":1674,\"height\":700,\"caption\":\"Ch\u00e2teau des Cr\u00e8s Ricards\"},\"image\":{\"@id\":\"https:\/\/www.cresricards.com\/en\/#\/schema\/logo\/image\/\"}}]}<\/script>\n<!-- \/ Yoast SEO plugin. -->","yoast_head_json":{"title":"Esprit de Cr\u00e8s Ricards - Marsanne Roussanne - Ch\u00e2teau des Cr\u00e8s Ricards","robots":{"index":"index","follow":"follow","max-snippet":"max-snippet:-1","max-image-preview":"max-image-preview:large","max-video-preview":"max-video-preview:-1"},"canonical":"https:\/\/www.cresricards.com\/en\/the-wines\/marsanne-roussanne\/","og_locale":"en_US","og_type":"article","og_title":"Esprit de Cr\u00e8s Ricards - Marsanne Roussanne - Ch\u00e2teau des Cr\u00e8s Ricards","og_description":"Appellation :\u00a0IGP Pays d'Oc  C\u00e9pages :\u00a070 % Marsanne, 30 % Roussanne  &nbsp; Tasting notes &nbsp;   Colour : Limpid, clear and shining colour.  Nose : Elegant, both fresh and very expressive, with floral and fruity notes.  Palate : Rich and fresh, passion fruit, white flowers and honeysuckle flavours. Wonderful and very long finish revealing vanilla and apricot notes.  Food paring : Serve at 10\/12\u00b0C, this wine is enjoyable as before dinner, but very tasty as well with seafood, fishes, poultries, salads, blue cheeses\u2026.","og_url":"https:\/\/www.cresricards.com\/en\/the-wines\/marsanne-roussanne\/","og_site_name":"Ch\u00e2teau des Cr\u00e8s Ricards","article_modified_time":"2026-03-17T00:19:27+00:00","og_image":[{"width":800,"height":800,"url":"https:\/\/www.cresricards.com\/wp-content\/uploads\/2018\/01\/marsanne-roussanne.png","type":"image\/png"}],"twitter_card":"summary_large_image","schema":{"@context":"https:\/\/schema.org","@graph":[{"@type":"WebPage","@id":"https:\/\/www.cresricards.com\/en\/the-wines\/marsanne-roussanne\/","url":"https:\/\/www.cresricards.com\/en\/the-wines\/marsanne-roussanne\/","name":"Esprit de Cr\u00e8s Ricards - Marsanne Roussanne - Ch\u00e2teau des Cr\u00e8s Ricards","isPartOf":{"@id":"https:\/\/www.cresricards.com\/en\/#website"},"primaryImageOfPage":{"@id":"https:\/\/www.cresricards.com\/en\/the-wines\/marsanne-roussanne\/#primaryimage"},"image":{"@id":"https:\/\/www.cresricards.com\/en\/the-wines\/marsanne-roussanne\/#primaryimage"},"thumbnailUrl":"https:\/\/www.cresricards.com\/wp-content\/uploads\/2018\/01\/marsanne-roussanne.png","datePublished":"2018-01-15T11:04:13+00:00","dateModified":"2026-03-17T00:19:27+00:00","breadcrumb":{"@id":"https:\/\/www.cresricards.com\/en\/the-wines\/marsanne-roussanne\/#breadcrumb"},"inLanguage":"en-US","potentialAction":[{"@type":"ReadAction","target":["https:\/\/www.cresricards.com\/en\/the-wines\/marsanne-roussanne\/"]}]},{"@type":"ImageObject","inLanguage":"en-US","@id":"https:\/\/www.cresricards.com\/en\/the-wines\/marsanne-roussanne\/#primaryimage","url":"https:\/\/www.cresricards.com\/wp-content\/uploads\/2018\/01\/marsanne-roussanne.png","contentUrl":"https:\/\/www.cresricards.com\/wp-content\/uploads\/2018\/01\/marsanne-roussanne.png","width":800,"height":800,"caption":"Esprit de Cr\u00e8s Ricards marsanne-roussanne Ch\u00e2teau des Cr\u00e8s Ricards 34800 Ceyras IGP Pays d'Oc"},{"@type":"BreadcrumbList","@id":"https:\/\/www.cresricards.com\/en\/the-wines\/marsanne-roussanne\/#breadcrumb","itemListElement":[{"@type":"ListItem","position":1,"name":"Accueil","item":"https:\/\/www.cresricards.com\/en\/home\/"},{"@type":"ListItem","position":2,"name":"Shop","item":"https:\/\/www.cresricards.com\/en\/shop\/"},{"@type":"ListItem","position":3,"name":"Esprit de Cr\u00e8s Ricards &#8211; Marsanne Roussanne"}]},{"@type":"WebSite","@id":"https:\/\/www.cresricards.com\/en\/#website","url":"https:\/\/www.cresricards.com\/en\/","name":"Ch\u00e2teau des Cr\u00e8s Ricards","description":"VIN ET GRAND CRU EN APPELLATION TERRASSES DU LARZAC","publisher":{"@id":"https:\/\/www.cresricards.com\/en\/#organization"},"potentialAction":[{"@type":"SearchAction","target":{"@type":"EntryPoint","urlTemplate":"https:\/\/www.cresricards.com\/en\/?s={search_term_string}"},"query-input":{"@type":"PropertyValueSpecification","valueRequired":true,"valueName":"search_term_string"}}],"inLanguage":"en-US"},{"@type":"Organization","@id":"https:\/\/www.cresricards.com\/en\/#organization","name":"Ch\u00e2teau des Cr\u00e8s Ricards","url":"https:\/\/www.cresricards.com\/en\/","logo":{"@type":"ImageObject","inLanguage":"en-US","@id":"https:\/\/www.cresricards.com\/en\/#\/schema\/logo\/image\/","url":"https:\/\/www.cresricards.com\/wp-content\/uploads\/2022\/01\/CHATEAU-CRES-RICARDS.png","contentUrl":"https:\/\/www.cresricards.com\/wp-content\/uploads\/2022\/01\/CHATEAU-CRES-RICARDS.png","width":1674,"height":700,"caption":"Ch\u00e2teau des Cr\u00e8s Ricards"},"image":{"@id":"https:\/\/www.cresricards.com\/en\/#\/schema\/logo\/image\/"}}]}},"_links":{"self":[{"href":"https:\/\/www.cresricards.com\/en\/wp-json\/wp\/v2\/product\/181"}],"collection":[{"href":"https:\/\/www.cresricards.com\/en\/wp-json\/wp\/v2\/product"}],"about":[{"href":"https:\/\/www.cresricards.com\/en\/wp-json\/wp\/v2\/types\/product"}],"replies":[{"embeddable":true,"href":"https:\/\/www.cresricards.com\/en\/wp-json\/wp\/v2\/comments?post=181"}],"wp:featuredmedia":[{"embeddable":true,"href":"https:\/\/www.cresricards.com\/en\/wp-json\/wp\/v2\/media\/174"}],"wp:attachment":[{"href":"https:\/\/www.cresricards.com\/en\/wp-json\/wp\/v2\/media?parent=181"}],"wp:term":[{"taxonomy":"product_cat","embeddable":true,"href":"https:\/\/www.cresricards.com\/en\/wp-json\/wp\/v2\/product_cat?post=181"},{"taxonomy":"product_tag","embeddable":true,"href":"https:\/\/www.cresricards.com\/en\/wp-json\/wp\/v2\/product_tag?post=181"}],"curies":[{"name":"wp","href":"https:\/\/api.w.org\/{rel}","templated":true}]}}