{"id":182,"date":"2018-01-15T12:10:18","date_gmt":"2018-01-15T11:10:18","guid":{"rendered":"https:\/\/www.cresricards.com\/produit\/cabernet-sauvignon\/"},"modified":"2025-04-19T23:26:42","modified_gmt":"2025-04-19T21:26:42","slug":"cabernet-sauvignon","status":"publish","type":"product","link":"https:\/\/www.cresricards.com\/en\/the-wines\/cabernet-sauvignon\/","title":{"rendered":"Cr\u00e8s Ricards &#8211; Cabernet Sauvignon"},"content":{"rendered":"<h4 class=\"p1\">The vineyard<\/h4>\n<ul>\n<li class=\"p1\"><strong>Soil type :<\/strong> Clay and Limestone, pebbly terraces<\/li>\n<li class=\"p1\"><strong>Age of the vineyard :<\/strong> 13 years-old<\/li>\n<li class=\"p1\"><strong>Pruning :<\/strong> Cordon de Royat<\/li>\n<li class=\"p1\"><strong>Harvest :<\/strong> Mechanical<\/li>\n<li class=\"p1\"><strong>Average yield :<\/strong> 62 hl\/ha<\/li>\n<li class=\"p1\"><strong>Density of planting<\/strong> : 4000-4400<\/li>\n<li class=\"p1\"><strong>Elevation :<\/strong> 70-90m<\/li>\n<li class=\"p1\"><strong>Climate :<\/strong> Mediterranean<\/li>\n<\/ul>\n<p>&nbsp;<\/p>\n<h4>Vinification<\/h4>\n<p>Traditional maceration and cold pre-\u00ad\u2010fermentation (19 and 17 days, daily unballasting or pumping over). Ageing in stainless steel tank; 20% is aged in American (70%) and French (30%) oak barrels for 5 months.<\/p>\n","protected":false},"excerpt":{"rendered":"<ul>\n<li><strong>Appellation :<\/strong>\u00a0IGP Pays d&#8217;Oc<\/li>\n<li><strong>Grape Variety :<\/strong>\u00a0Cabernet sauvignon 100 %<\/li>\n<\/ul>\n<p>&nbsp;<\/p>\n<h4>Tasting notes<\/h4>\n<p>&nbsp;<\/p>\n<ul>\n<li><strong>Colour :<\/strong> Very elegant ruby color. Nose: Nice red fruits aromas, evolving toward spicier notes.<\/li>\n<li><strong>Palate :<\/strong> Both structures, complex and fresh, with fruity, floral and soft liquorice notes.<\/li>\n<li><strong>Food paring :<\/strong> Serve at 16\u00b0C with grilled meat, pasta dishes, cured meats, omelette with asparagus spears\u2026<\/li>\n<\/ul>\n","protected":false},"featured_media":175,"comment_status":"open","ping_status":"closed","template":"","meta":{"_et_pb_use_builder":"","_et_pb_old_content":"","_et_gb_content_width":""},"product_cat":[20,22],"product_tag":[],"class_list":["post-182","product","type-product","status-publish","has-post-thumbnail","hentry","product_cat-non-classe","product_cat-non-classifiee"],"yoast_head":"<!-- This site is optimized with the Yoast SEO plugin v25.6 - https:\/\/yoast.com\/wordpress\/plugins\/seo\/ -->\n<title>Cr\u00e8s Ricards - Cabernet Sauvignon - Ch\u00e2teau des Cr\u00e8s Ricards<\/title>\n<meta name=\"robots\" content=\"index, follow, max-snippet:-1, max-image-preview:large, max-video-preview:-1\" \/>\n<link rel=\"canonical\" href=\"https:\/\/www.cresricards.com\/en\/the-wines\/cabernet-sauvignon\/\" \/>\n<meta property=\"og:locale\" content=\"en_US\" \/>\n<meta property=\"og:type\" content=\"article\" \/>\n<meta property=\"og:title\" content=\"Cr\u00e8s Ricards - Cabernet Sauvignon - Ch\u00e2teau des Cr\u00e8s Ricards\" \/>\n<meta property=\"og:description\" content=\"Appellation :\u00a0IGP Pays d&#039;Oc  Grape Variety :\u00a0Cabernet sauvignon 100 %  &nbsp; Tasting notes &nbsp;   Colour : Very elegant ruby color. Nose: Nice red fruits aromas, evolving toward spicier notes.  Palate : Both structures, complex and fresh, with fruity, floral and soft liquorice notes.  Food paring : Serve at 16\u00b0C with grilled meat, pasta dishes, cured meats, omelette with asparagus spears\u2026\" \/>\n<meta property=\"og:url\" content=\"https:\/\/www.cresricards.com\/en\/the-wines\/cabernet-sauvignon\/\" \/>\n<meta property=\"og:site_name\" content=\"Ch\u00e2teau des Cr\u00e8s Ricards\" \/>\n<meta property=\"article:modified_time\" content=\"2025-04-19T21:26:42+00:00\" \/>\n<meta property=\"og:image\" content=\"https:\/\/www.cresricards.com\/wp-content\/uploads\/2018\/01\/cabernet-sauvignon.png\" \/>\n\t<meta property=\"og:image:width\" content=\"800\" \/>\n\t<meta property=\"og:image:height\" content=\"800\" \/>\n\t<meta property=\"og:image:type\" content=\"image\/png\" \/>\n<meta name=\"twitter:card\" content=\"summary_large_image\" \/>\n<script type=\"application\/ld+json\" class=\"yoast-schema-graph\">{\"@context\":\"https:\/\/schema.org\",\"@graph\":[{\"@type\":\"WebPage\",\"@id\":\"https:\/\/www.cresricards.com\/en\/the-wines\/cabernet-sauvignon\/\",\"url\":\"https:\/\/www.cresricards.com\/en\/the-wines\/cabernet-sauvignon\/\",\"name\":\"Cr\u00e8s Ricards - Cabernet Sauvignon - Ch\u00e2teau des Cr\u00e8s Ricards\",\"isPartOf\":{\"@id\":\"https:\/\/www.cresricards.com\/en\/#website\"},\"primaryImageOfPage\":{\"@id\":\"https:\/\/www.cresricards.com\/en\/the-wines\/cabernet-sauvignon\/#primaryimage\"},\"image\":{\"@id\":\"https:\/\/www.cresricards.com\/en\/the-wines\/cabernet-sauvignon\/#primaryimage\"},\"thumbnailUrl\":\"https:\/\/www.cresricards.com\/wp-content\/uploads\/2018\/01\/cabernet-sauvignon.png\",\"datePublished\":\"2018-01-15T11:10:18+00:00\",\"dateModified\":\"2025-04-19T21:26:42+00:00\",\"breadcrumb\":{\"@id\":\"https:\/\/www.cresricards.com\/en\/the-wines\/cabernet-sauvignon\/#breadcrumb\"},\"inLanguage\":\"en-US\",\"potentialAction\":[{\"@type\":\"ReadAction\",\"target\":[\"https:\/\/www.cresricards.com\/en\/the-wines\/cabernet-sauvignon\/\"]}]},{\"@type\":\"ImageObject\",\"inLanguage\":\"en-US\",\"@id\":\"https:\/\/www.cresricards.com\/en\/the-wines\/cabernet-sauvignon\/#primaryimage\",\"url\":\"https:\/\/www.cresricards.com\/wp-content\/uploads\/2018\/01\/cabernet-sauvignon.png\",\"contentUrl\":\"https:\/\/www.cresricards.com\/wp-content\/uploads\/2018\/01\/cabernet-sauvignon.png\",\"width\":800,\"height\":800,\"caption\":\"Domaine des Cr\u00e8s Ricards cabernet sauvignon Ch\u00e2teau des Cr\u00e8s Ricards 34800 IGP Pays d'Oc\"},{\"@type\":\"BreadcrumbList\",\"@id\":\"https:\/\/www.cresricards.com\/en\/the-wines\/cabernet-sauvignon\/#breadcrumb\",\"itemListElement\":[{\"@type\":\"ListItem\",\"position\":1,\"name\":\"Accueil\",\"item\":\"https:\/\/www.cresricards.com\/en\/home\/\"},{\"@type\":\"ListItem\",\"position\":2,\"name\":\"Shop\",\"item\":\"https:\/\/www.cresricards.com\/en\/shop\/\"},{\"@type\":\"ListItem\",\"position\":3,\"name\":\"Cr\u00e8s Ricards &#8211; Cabernet Sauvignon\"}]},{\"@type\":\"WebSite\",\"@id\":\"https:\/\/www.cresricards.com\/en\/#website\",\"url\":\"https:\/\/www.cresricards.com\/en\/\",\"name\":\"Ch\u00e2teau des Cr\u00e8s Ricards\",\"description\":\"VIN ET GRAND CRU EN APPELLATION TERRASSES DU LARZAC\",\"publisher\":{\"@id\":\"https:\/\/www.cresricards.com\/en\/#organization\"},\"potentialAction\":[{\"@type\":\"SearchAction\",\"target\":{\"@type\":\"EntryPoint\",\"urlTemplate\":\"https:\/\/www.cresricards.com\/en\/?s={search_term_string}\"},\"query-input\":{\"@type\":\"PropertyValueSpecification\",\"valueRequired\":true,\"valueName\":\"search_term_string\"}}],\"inLanguage\":\"en-US\"},{\"@type\":\"Organization\",\"@id\":\"https:\/\/www.cresricards.com\/en\/#organization\",\"name\":\"Ch\u00e2teau des Cr\u00e8s Ricards\",\"url\":\"https:\/\/www.cresricards.com\/en\/\",\"logo\":{\"@type\":\"ImageObject\",\"inLanguage\":\"en-US\",\"@id\":\"https:\/\/www.cresricards.com\/en\/#\/schema\/logo\/image\/\",\"url\":\"https:\/\/www.cresricards.com\/wp-content\/uploads\/2022\/01\/CHATEAU-CRES-RICARDS.png\",\"contentUrl\":\"https:\/\/www.cresricards.com\/wp-content\/uploads\/2022\/01\/CHATEAU-CRES-RICARDS.png\",\"width\":1674,\"height\":700,\"caption\":\"Ch\u00e2teau des Cr\u00e8s Ricards\"},\"image\":{\"@id\":\"https:\/\/www.cresricards.com\/en\/#\/schema\/logo\/image\/\"}}]}<\/script>\n<!-- \/ Yoast SEO plugin. -->","yoast_head_json":{"title":"Cr\u00e8s Ricards - Cabernet Sauvignon - Ch\u00e2teau des Cr\u00e8s Ricards","robots":{"index":"index","follow":"follow","max-snippet":"max-snippet:-1","max-image-preview":"max-image-preview:large","max-video-preview":"max-video-preview:-1"},"canonical":"https:\/\/www.cresricards.com\/en\/the-wines\/cabernet-sauvignon\/","og_locale":"en_US","og_type":"article","og_title":"Cr\u00e8s Ricards - Cabernet Sauvignon - Ch\u00e2teau des Cr\u00e8s Ricards","og_description":"Appellation :\u00a0IGP Pays d'Oc  Grape Variety :\u00a0Cabernet sauvignon 100 %  &nbsp; Tasting notes &nbsp;   Colour : Very elegant ruby color. Nose: Nice red fruits aromas, evolving toward spicier notes.  Palate : Both structures, complex and fresh, with fruity, floral and soft liquorice notes.  Food paring : Serve at 16\u00b0C with grilled meat, pasta dishes, cured meats, omelette with asparagus spears\u2026","og_url":"https:\/\/www.cresricards.com\/en\/the-wines\/cabernet-sauvignon\/","og_site_name":"Ch\u00e2teau des Cr\u00e8s Ricards","article_modified_time":"2025-04-19T21:26:42+00:00","og_image":[{"width":800,"height":800,"url":"https:\/\/www.cresricards.com\/wp-content\/uploads\/2018\/01\/cabernet-sauvignon.png","type":"image\/png"}],"twitter_card":"summary_large_image","schema":{"@context":"https:\/\/schema.org","@graph":[{"@type":"WebPage","@id":"https:\/\/www.cresricards.com\/en\/the-wines\/cabernet-sauvignon\/","url":"https:\/\/www.cresricards.com\/en\/the-wines\/cabernet-sauvignon\/","name":"Cr\u00e8s Ricards - Cabernet Sauvignon - Ch\u00e2teau des Cr\u00e8s Ricards","isPartOf":{"@id":"https:\/\/www.cresricards.com\/en\/#website"},"primaryImageOfPage":{"@id":"https:\/\/www.cresricards.com\/en\/the-wines\/cabernet-sauvignon\/#primaryimage"},"image":{"@id":"https:\/\/www.cresricards.com\/en\/the-wines\/cabernet-sauvignon\/#primaryimage"},"thumbnailUrl":"https:\/\/www.cresricards.com\/wp-content\/uploads\/2018\/01\/cabernet-sauvignon.png","datePublished":"2018-01-15T11:10:18+00:00","dateModified":"2025-04-19T21:26:42+00:00","breadcrumb":{"@id":"https:\/\/www.cresricards.com\/en\/the-wines\/cabernet-sauvignon\/#breadcrumb"},"inLanguage":"en-US","potentialAction":[{"@type":"ReadAction","target":["https:\/\/www.cresricards.com\/en\/the-wines\/cabernet-sauvignon\/"]}]},{"@type":"ImageObject","inLanguage":"en-US","@id":"https:\/\/www.cresricards.com\/en\/the-wines\/cabernet-sauvignon\/#primaryimage","url":"https:\/\/www.cresricards.com\/wp-content\/uploads\/2018\/01\/cabernet-sauvignon.png","contentUrl":"https:\/\/www.cresricards.com\/wp-content\/uploads\/2018\/01\/cabernet-sauvignon.png","width":800,"height":800,"caption":"Domaine des Cr\u00e8s Ricards cabernet sauvignon Ch\u00e2teau des Cr\u00e8s Ricards 34800 IGP Pays d'Oc"},{"@type":"BreadcrumbList","@id":"https:\/\/www.cresricards.com\/en\/the-wines\/cabernet-sauvignon\/#breadcrumb","itemListElement":[{"@type":"ListItem","position":1,"name":"Accueil","item":"https:\/\/www.cresricards.com\/en\/home\/"},{"@type":"ListItem","position":2,"name":"Shop","item":"https:\/\/www.cresricards.com\/en\/shop\/"},{"@type":"ListItem","position":3,"name":"Cr\u00e8s Ricards &#8211; Cabernet Sauvignon"}]},{"@type":"WebSite","@id":"https:\/\/www.cresricards.com\/en\/#website","url":"https:\/\/www.cresricards.com\/en\/","name":"Ch\u00e2teau des Cr\u00e8s Ricards","description":"VIN ET GRAND CRU EN APPELLATION TERRASSES DU LARZAC","publisher":{"@id":"https:\/\/www.cresricards.com\/en\/#organization"},"potentialAction":[{"@type":"SearchAction","target":{"@type":"EntryPoint","urlTemplate":"https:\/\/www.cresricards.com\/en\/?s={search_term_string}"},"query-input":{"@type":"PropertyValueSpecification","valueRequired":true,"valueName":"search_term_string"}}],"inLanguage":"en-US"},{"@type":"Organization","@id":"https:\/\/www.cresricards.com\/en\/#organization","name":"Ch\u00e2teau des Cr\u00e8s Ricards","url":"https:\/\/www.cresricards.com\/en\/","logo":{"@type":"ImageObject","inLanguage":"en-US","@id":"https:\/\/www.cresricards.com\/en\/#\/schema\/logo\/image\/","url":"https:\/\/www.cresricards.com\/wp-content\/uploads\/2022\/01\/CHATEAU-CRES-RICARDS.png","contentUrl":"https:\/\/www.cresricards.com\/wp-content\/uploads\/2022\/01\/CHATEAU-CRES-RICARDS.png","width":1674,"height":700,"caption":"Ch\u00e2teau des Cr\u00e8s Ricards"},"image":{"@id":"https:\/\/www.cresricards.com\/en\/#\/schema\/logo\/image\/"}}]}},"_links":{"self":[{"href":"https:\/\/www.cresricards.com\/en\/wp-json\/wp\/v2\/product\/182"}],"collection":[{"href":"https:\/\/www.cresricards.com\/en\/wp-json\/wp\/v2\/product"}],"about":[{"href":"https:\/\/www.cresricards.com\/en\/wp-json\/wp\/v2\/types\/product"}],"replies":[{"embeddable":true,"href":"https:\/\/www.cresricards.com\/en\/wp-json\/wp\/v2\/comments?post=182"}],"wp:featuredmedia":[{"embeddable":true,"href":"https:\/\/www.cresricards.com\/en\/wp-json\/wp\/v2\/media\/175"}],"wp:attachment":[{"href":"https:\/\/www.cresricards.com\/en\/wp-json\/wp\/v2\/media?parent=182"}],"wp:term":[{"taxonomy":"product_cat","embeddable":true,"href":"https:\/\/www.cresricards.com\/en\/wp-json\/wp\/v2\/product_cat?post=182"},{"taxonomy":"product_tag","embeddable":true,"href":"https:\/\/www.cresricards.com\/en\/wp-json\/wp\/v2\/product_tag?post=182"}],"curies":[{"name":"wp","href":"https:\/\/api.w.org\/{rel}","templated":true}]}}